{"id":10455,"date":"2024-11-02T14:29:53","date_gmt":"2024-11-02T13:29:53","guid":{"rendered":"http:\/\/www.tomundjezz.de\/?page_id=10455"},"modified":"2025-03-18T06:24:43","modified_gmt":"2025-03-18T05:24:43","slug":"extras","status":"publish","type":"page","link":"https:\/\/www.tomundjezz.de\/en\/extras\/","title":{"rendered":"Extras"},"content":{"rendered":"<div data-elementor-type=\"wp-page\" data-elementor-id=\"10455\" class=\"elementor elementor-10455\" data-elementor-post-type=\"page\">\n\t\t\t\t<div class=\"elementor-element elementor-element-c8ae236 e-flex e-con-boxed e-con e-parent\" data-id=\"c8ae236\" data-element_type=\"container\" data-e-type=\"container\">\n\t\t\t\t\t<div class=\"e-con-inner\">\n\t\t<div class=\"elementor-element elementor-element-5e95244 e-con-full e-flex e-con e-child\" data-id=\"5e95244\" data-element_type=\"container\" data-e-type=\"container\">\n\t\t\t\t<div class=\"elementor-element elementor-element-b3d2b0e elementor-widget elementor-widget-image\" data-id=\"b3d2b0e\" data-element_type=\"widget\" data-e-type=\"widget\" data-widget_type=\"image.default\">\n\t\t\t\t\t\t\t\t\t\t\t\t\t\t\t<img fetchpriority=\"high\" decoding=\"async\" width=\"800\" height=\"534\" src=\"https:\/\/www.tomundjezz.de\/wp-content\/uploads\/2024\/10\/Extras-001-1024x683.jpg\" class=\"attachment-large size-large wp-image-10020\" alt=\"\" srcset=\"https:\/\/www.tomundjezz.de\/wp-content\/uploads\/2024\/10\/Extras-001-1024x683.jpg 1024w, https:\/\/www.tomundjezz.de\/wp-content\/uploads\/2024\/10\/Extras-001-300x200.jpg 300w, https:\/\/www.tomundjezz.de\/wp-content\/uploads\/2024\/10\/Extras-001-768x512.jpg 768w, https:\/\/www.tomundjezz.de\/wp-content\/uploads\/2024\/10\/Extras-001-1536x1024.jpg 1536w, https:\/\/www.tomundjezz.de\/wp-content\/uploads\/2024\/10\/Extras-001-2048x1366.jpg 2048w\" sizes=\"(max-width: 800px) 100vw, 800px\" \/>\t\t\t\t\t\t\t\t\t\t\t\t\t\t\t<\/div>\n\t\t\t\t<\/div>\n\t\t<div class=\"elementor-element elementor-element-8e3bfc3 e-con-full e-flex e-con e-child\" data-id=\"8e3bfc3\" data-element_type=\"container\" data-e-type=\"container\">\n\t\t<div class=\"elementor-element elementor-element-e6b1e09 e-con-full e-flex e-con e-child\" data-id=\"e6b1e09\" data-element_type=\"container\" data-e-type=\"container\">\n\t\t\t\t<div class=\"elementor-element elementor-element-a4ecc73 elementor-widget__width-initial elementor-widget elementor-widget-heading\" data-id=\"a4ecc73\" data-element_type=\"widget\" data-e-type=\"widget\" data-widget_type=\"heading.default\">\n\t\t\t\t\t<h2 class=\"elementor-heading-title elementor-size-default\">From fun to fine art <br \/>- Our extras at a glance<\/h2>\t\t\t\t<\/div>\n\t\t\t\t<div class=\"elementor-element elementor-element-46ea980 content-line elementor-widget-divider--view-line elementor-widget elementor-widget-divider\" data-id=\"46ea980\" data-element_type=\"widget\" data-e-type=\"widget\" data-widget_type=\"divider.default\">\n\t\t\t\t\t\t\t<div class=\"elementor-divider\">\n\t\t\t<span class=\"elementor-divider-separator\">\n\t\t\t\t\t\t<\/span>\n\t\t<\/div>\n\t\t\t\t\t\t<\/div>\n\t\t\t\t<div class=\"elementor-element elementor-element-a28e688 elementor-widget__width-initial elementor-widget elementor-widget-text-editor\" data-id=\"a28e688\" data-element_type=\"widget\" data-e-type=\"widget\" data-widget_type=\"text-editor.default\">\n\t\t\t\t\t\t\t\t\t<p>From experience, we know what makes a party unforgettable: guaranteed good vibes during the event and preserving your precious memories afterwards. While there are plenty of options out there, none quite met our quality standards when it came to recommending them to our couples. So, we decided to take matters into our own hands.\nWhether it\u2019s creating a fun and lively atmosphere with our photo box or offering high-quality photo albums and fine art prints, we deliver only the best\u2014no compromises.<\/p>\t\t\t\t\t\t\t\t<\/div>\n\t\t\t\t<\/div>\n\t\t\t\t<\/div>\n\t\t\t\t\t<\/div>\n\t\t\t\t<\/div>\n\t\t<div class=\"elementor-element elementor-element-f6eccea e-grid e-con-boxed e-con e-parent\" data-id=\"f6eccea\" data-element_type=\"container\" data-e-type=\"container\">\n\t\t\t\t\t<div class=\"e-con-inner\">\n\t\t<a class=\"elementor-element elementor-element-4c8d33c e-con-full on-hover e-flex e-con e-child\" data-id=\"4c8d33c\" data-element_type=\"container\" data-e-type=\"container\" href=\"\/en\/albums\/\">\n\t\t<div class=\"elementor-element elementor-element-361e04e e-con-full e-flex e-con e-child\" data-id=\"361e04e\" data-element_type=\"container\" data-e-type=\"container\">\n\t\t\t\t<div class=\"elementor-element elementor-element-290ea1b elementor-widget elementor-widget-image\" data-id=\"290ea1b\" data-element_type=\"widget\" data-e-type=\"widget\" data-widget_type=\"image.default\">\n\t\t\t\t\t\t\t\t\t\t\t\t\t\t\t<img decoding=\"async\" width=\"2560\" height=\"1707\" src=\"https:\/\/www.tomundjezz.de\/wp-content\/uploads\/2024\/10\/Extras-002.jpg\" class=\"attachment-full size-full wp-image-10018\" alt=\"\" srcset=\"https:\/\/www.tomundjezz.de\/wp-content\/uploads\/2024\/10\/Extras-002.jpg 2560w, https:\/\/www.tomundjezz.de\/wp-content\/uploads\/2024\/10\/Extras-002-300x200.jpg 300w, https:\/\/www.tomundjezz.de\/wp-content\/uploads\/2024\/10\/Extras-002-1024x683.jpg 1024w, https:\/\/www.tomundjezz.de\/wp-content\/uploads\/2024\/10\/Extras-002-768x512.jpg 768w, https:\/\/www.tomundjezz.de\/wp-content\/uploads\/2024\/10\/Extras-002-1536x1024.jpg 1536w, https:\/\/www.tomundjezz.de\/wp-content\/uploads\/2024\/10\/Extras-002-2048x1366.jpg 2048w\" sizes=\"(max-width: 2560px) 100vw, 2560px\" \/>\t\t\t\t\t\t\t\t\t\t\t\t\t\t\t<\/div>\n\t\t\t\t<div class=\"elementor-element elementor-element-109d9dc elementor-absolute e-transform e-transform left-text elementor-widget elementor-widget-global elementor-global-11099 elementor-widget-heading\" data-id=\"109d9dc\" data-element_type=\"widget\" data-e-type=\"widget\" data-settings=\"{&quot;_position&quot;:&quot;absolute&quot;,&quot;_transform_flipX_effect&quot;:&quot;transform&quot;,&quot;_transform_flipY_effect&quot;:&quot;transform&quot;}\" data-widget_type=\"heading.default\">\n\t\t\t\t\t<h2 class=\"elementor-heading-title elementor-size-default\">ALBEN<\/h2>\t\t\t\t<\/div>\n\t\t\t\t<div class=\"elementor-element elementor-element-80f9d09 elementor-absolute number-space elementor-widget elementor-widget-text-editor\" data-id=\"80f9d09\" data-element_type=\"widget\" data-e-type=\"widget\" data-settings=\"{&quot;_position&quot;:&quot;absolute&quot;}\" data-widget_type=\"text-editor.default\">\n\t\t\t\t\t\t\t\t\t<p>01<\/p>\t\t\t\t\t\t\t\t<\/div>\n\t\t\t\t<\/div>\n\t\t\t\t<div class=\"elementor-element elementor-element-cde6e90 elementor-widget-divider--view-line elementor-widget elementor-widget-divider\" data-id=\"cde6e90\" data-element_type=\"widget\" data-e-type=\"widget\" data-widget_type=\"divider.default\">\n\t\t\t\t\t\t\t<div class=\"elementor-divider\">\n\t\t\t<span class=\"elementor-divider-separator\">\n\t\t\t\t\t\t<\/span>\n\t\t<\/div>\n\t\t\t\t\t\t<\/div>\n\t\t\t\t<div class=\"elementor-element elementor-element-698c240 elementor-widget elementor-widget-text-editor\" data-id=\"698c240\" data-element_type=\"widget\" data-e-type=\"widget\" data-widget_type=\"text-editor.default\">\n\t\t\t\t\t\t\t\t\t<p class=\"translation-block\">Handmade to the highest standards<\/p>\t\t\t\t\t\t\t\t<\/div>\n\t\t\t\t<\/a>\n\t\t<a class=\"elementor-element elementor-element-4eb03ee e-con-full on-hover e-flex e-con e-child\" data-id=\"4eb03ee\" data-element_type=\"container\" data-e-type=\"container\" href=\"\/en\/hochzeit-fotobox\/\">\n\t\t<div class=\"elementor-element elementor-element-3a2ee4a e-con-full e-flex e-con e-child\" data-id=\"3a2ee4a\" data-element_type=\"container\" data-e-type=\"container\">\n\t\t\t\t<div class=\"elementor-element elementor-element-92e639b elementor-widget elementor-widget-image\" data-id=\"92e639b\" data-element_type=\"widget\" data-e-type=\"widget\" data-widget_type=\"image.default\">\n\t\t\t\t\t\t\t\t\t\t\t\t\t\t\t<img decoding=\"async\" width=\"1707\" height=\"2560\" src=\"https:\/\/www.tomundjezz.de\/wp-content\/uploads\/2024\/10\/Extras-003.jpg\" class=\"attachment-full size-full wp-image-10019\" alt=\"\" srcset=\"https:\/\/www.tomundjezz.de\/wp-content\/uploads\/2024\/10\/Extras-003.jpg 1707w, https:\/\/www.tomundjezz.de\/wp-content\/uploads\/2024\/10\/Extras-003-200x300.jpg 200w, https:\/\/www.tomundjezz.de\/wp-content\/uploads\/2024\/10\/Extras-003-683x1024.jpg 683w, https:\/\/www.tomundjezz.de\/wp-content\/uploads\/2024\/10\/Extras-003-768x1152.jpg 768w, https:\/\/www.tomundjezz.de\/wp-content\/uploads\/2024\/10\/Extras-003-1024x1536.jpg 1024w, https:\/\/www.tomundjezz.de\/wp-content\/uploads\/2024\/10\/Extras-003-1366x2048.jpg 1366w\" sizes=\"(max-width: 1707px) 100vw, 1707px\" \/>\t\t\t\t\t\t\t\t\t\t\t\t\t\t\t<\/div>\n\t\t\t\t<div class=\"elementor-element elementor-element-f90dada elementor-absolute e-transform e-transform left-text elementor-widget elementor-widget-heading\" data-id=\"f90dada\" data-element_type=\"widget\" data-e-type=\"widget\" data-settings=\"{&quot;_position&quot;:&quot;absolute&quot;,&quot;_transform_flipX_effect&quot;:&quot;transform&quot;,&quot;_transform_flipY_effect&quot;:&quot;transform&quot;}\" data-widget_type=\"heading.default\">\n\t\t\t\t\t<h2 class=\"elementor-heading-title elementor-size-default\">PHOTOBOX<\/h2>\t\t\t\t<\/div>\n\t\t\t\t<div class=\"elementor-element elementor-element-8d6cce0 elementor-absolute number-space elementor-widget elementor-widget-text-editor\" data-id=\"8d6cce0\" data-element_type=\"widget\" data-e-type=\"widget\" data-settings=\"{&quot;_position&quot;:&quot;absolute&quot;}\" data-widget_type=\"text-editor.default\">\n\t\t\t\t\t\t\t\t\t<p>02<\/p>\t\t\t\t\t\t\t\t<\/div>\n\t\t\t\t<\/div>\n\t\t\t\t<div class=\"elementor-element elementor-element-952978a elementor-widget-divider--view-line elementor-widget elementor-widget-divider\" data-id=\"952978a\" data-element_type=\"widget\" data-e-type=\"widget\" data-widget_type=\"divider.default\">\n\t\t\t\t\t\t\t<div class=\"elementor-divider\">\n\t\t\t<span class=\"elementor-divider-separator\">\n\t\t\t\t\t\t<\/span>\n\t\t<\/div>\n\t\t\t\t\t\t<\/div>\n\t\t\t\t<div class=\"elementor-element elementor-element-36086ca elementor-widget elementor-widget-text-editor\" data-id=\"36086ca\" data-element_type=\"widget\" data-e-type=\"widget\" data-widget_type=\"text-editor.default\">\n\t\t\t\t\t\t\t\t\t<p>Fun times for your party<\/p>\t\t\t\t\t\t\t\t<\/div>\n\t\t\t\t<\/a>\n\t\t<a class=\"elementor-element elementor-element-366239b e-con-full on-hover e-flex e-con e-child\" data-id=\"366239b\" data-element_type=\"container\" data-e-type=\"container\" href=\"\/en\/prints\/\">\n\t\t<div class=\"elementor-element elementor-element-9116e8b e-con-full e-flex e-con e-child\" data-id=\"9116e8b\" data-element_type=\"container\" data-e-type=\"container\">\n\t\t\t\t<div class=\"elementor-element elementor-element-efcb071 elementor-widget elementor-widget-image\" data-id=\"efcb071\" data-element_type=\"widget\" data-e-type=\"widget\" data-widget_type=\"image.default\">\n\t\t\t\t\t\t\t\t\t\t\t\t\t\t\t<img loading=\"lazy\" decoding=\"async\" width=\"2560\" height=\"1707\" src=\"https:\/\/www.tomundjezz.de\/wp-content\/uploads\/2024\/10\/Extras-004.jpg\" class=\"attachment-full size-full wp-image-10017\" alt=\"\" srcset=\"https:\/\/www.tomundjezz.de\/wp-content\/uploads\/2024\/10\/Extras-004.jpg 2560w, https:\/\/www.tomundjezz.de\/wp-content\/uploads\/2024\/10\/Extras-004-300x200.jpg 300w, https:\/\/www.tomundjezz.de\/wp-content\/uploads\/2024\/10\/Extras-004-1024x683.jpg 1024w, https:\/\/www.tomundjezz.de\/wp-content\/uploads\/2024\/10\/Extras-004-768x512.jpg 768w, https:\/\/www.tomundjezz.de\/wp-content\/uploads\/2024\/10\/Extras-004-1536x1024.jpg 1536w, https:\/\/www.tomundjezz.de\/wp-content\/uploads\/2024\/10\/Extras-004-2048x1366.jpg 2048w\" sizes=\"(max-width: 2560px) 100vw, 2560px\" \/>\t\t\t\t\t\t\t\t\t\t\t\t\t\t\t<\/div>\n\t\t\t\t<div class=\"elementor-element elementor-element-a808c03 elementor-absolute e-transform e-transform left-text elementor-widget elementor-widget-heading\" data-id=\"a808c03\" data-element_type=\"widget\" data-e-type=\"widget\" data-settings=\"{&quot;_position&quot;:&quot;absolute&quot;,&quot;_transform_flipX_effect&quot;:&quot;transform&quot;,&quot;_transform_flipY_effect&quot;:&quot;transform&quot;}\" data-widget_type=\"heading.default\">\n\t\t\t\t\t<h2 class=\"elementor-heading-title elementor-size-default\">PRINTS<\/h2>\t\t\t\t<\/div>\n\t\t\t\t<div class=\"elementor-element elementor-element-d304b4b elementor-absolute number-space elementor-widget elementor-widget-text-editor\" data-id=\"d304b4b\" data-element_type=\"widget\" data-e-type=\"widget\" data-settings=\"{&quot;_position&quot;:&quot;absolute&quot;}\" data-widget_type=\"text-editor.default\">\n\t\t\t\t\t\t\t\t\t<p>03<\/p>\t\t\t\t\t\t\t\t<\/div>\n\t\t\t\t<\/div>\n\t\t\t\t<div class=\"elementor-element elementor-element-a7c2598 elementor-widget-divider--view-line elementor-widget elementor-widget-divider\" data-id=\"a7c2598\" data-element_type=\"widget\" data-e-type=\"widget\" data-widget_type=\"divider.default\">\n\t\t\t\t\t\t\t<div class=\"elementor-divider\">\n\t\t\t<span class=\"elementor-divider-separator\">\n\t\t\t\t\t\t<\/span>\n\t\t<\/div>\n\t\t\t\t\t\t<\/div>\n\t\t\t\t<div class=\"elementor-element elementor-element-b3f3348 elementor-widget elementor-widget-text-editor\" data-id=\"b3f3348\" data-element_type=\"widget\" data-e-type=\"widget\" data-widget_type=\"text-editor.default\">\n\t\t\t\t\t\t\t\t\t<p>Every picture becomes a work of art<\/p>\t\t\t\t\t\t\t\t<\/div>\n\t\t\t\t<\/a>\n\t\t\t\t\t<\/div>\n\t\t\t\t<\/div>\n\t\t<div class=\"elementor-element elementor-element-9ef075c e-flex e-con-boxed e-con e-parent\" data-id=\"9ef075c\" data-element_type=\"container\" data-e-type=\"container\">\n\t\t\t\t\t<div class=\"e-con-inner\">\n\t\t\t\t<div class=\"elementor-element elementor-element-bdd5ca2 elementor-widget elementor-widget-heading\" data-id=\"bdd5ca2\" data-element_type=\"widget\" data-e-type=\"widget\" data-widget_type=\"heading.default\">\n\t\t\t\t\t<p class=\"elementor-heading-title elementor-size-default\">SMILE!<\/p>\t\t\t\t<\/div>\n\t\t\t\t\t<\/div>\n\t\t\t\t<\/div>\n\t\t\t\t<\/div>","protected":false},"excerpt":{"rendered":"<p>Von Fun bis Fine Art \u2013 unsere Extras im \u00dcberblick \u00dcber die Jahre haben wir festgestellt, dass es ein paar Dinge gibt, die eine epische Party ausmachen: garantierte Good Times auf der Feier und die M\u00f6glichkeit, eure wertvollen Erinnerungen \u00fcber Jahre hinweg lebendig zu halten. Es gab viele Optionen da drau\u00dfen, aber keine entsprach unserem [&hellip;]<\/p>\n","protected":false},"author":1,"featured_media":10019,"parent":0,"menu_order":0,"comment_status":"closed","ping_status":"closed","template":"","meta":{"footnotes":""},"class_list":["post-10455","page","type-page","status-publish","has-post-thumbnail","hentry"],"yoast_head":"<!-- This site is optimized with the Yoast SEO Premium plugin v27.3 (Yoast SEO v27.3) - https:\/\/yoast.com\/product\/yoast-seo-premium-wordpress\/ -->\n<title>Extras f\u00fcr eure Hochzeit: Fotobox, Hochzeitsalben, Fine-Art Prints<\/title>\n<meta name=\"description\" content=\"Handgefertigte Hochzeitsalben, hochwertige Fine-Art Prints und eine Fotobox f\u00fcr die perfekte Partystimmung. So wird eure Hochzeit unvergesslich!\" \/>\n<meta name=\"robots\" content=\"index, follow, max-snippet:-1, max-image-preview:large, max-video-preview:-1\" \/>\n<link rel=\"canonical\" href=\"https:\/\/www.tomundjezz.de\/en\/extras\/\" \/>\n<meta property=\"og:locale\" content=\"en_US\" \/>\n<meta property=\"og:type\" content=\"article\" \/>\n<meta property=\"og:title\" content=\"Extras\" \/>\n<meta property=\"og:description\" content=\"Handgefertigte Hochzeitsalben, hochwertige Fine-Art Prints und eine Fotobox f\u00fcr die perfekte Partystimmung. So wird eure Hochzeit unvergesslich!\" \/>\n<meta property=\"og:url\" content=\"https:\/\/www.tomundjezz.de\/en\/extras\/\" \/>\n<meta property=\"og:site_name\" content=\"Tom | Jezz\" \/>\n<meta property=\"article:publisher\" content=\"https:\/\/www.facebook.com\/tomundjezz\" \/>\n<meta property=\"article:modified_time\" content=\"2025-03-18T05:24:43+00:00\" \/>\n<meta property=\"og:image\" content=\"https:\/\/www.tomundjezz.de\/wp-content\/uploads\/2024\/10\/Extras-003.jpg\" \/>\n\t<meta property=\"og:image:width\" content=\"1707\" \/>\n\t<meta property=\"og:image:height\" content=\"2560\" \/>\n\t<meta property=\"og:image:type\" content=\"image\/jpeg\" \/>\n<meta name=\"twitter:card\" content=\"summary_large_image\" \/>\n<meta name=\"twitter:label1\" content=\"Est. reading time\" \/>\n\t<meta name=\"twitter:data1\" content=\"2 minutes\" \/>\n<script type=\"application\/ld+json\" class=\"yoast-schema-graph\">{\"@context\":\"https:\\\/\\\/schema.org\",\"@graph\":[{\"@type\":\"WebPage\",\"@id\":\"https:\\\/\\\/www.tomundjezz.de\\\/extras\\\/\",\"url\":\"https:\\\/\\\/www.tomundjezz.de\\\/extras\\\/\",\"name\":\"Extras f\u00fcr eure Hochzeit: Fotobox, Hochzeitsalben, Fine-Art Prints\",\"isPartOf\":{\"@id\":\"https:\\\/\\\/www.tomundjezz.de\\\/#website\"},\"primaryImageOfPage\":{\"@id\":\"https:\\\/\\\/www.tomundjezz.de\\\/extras\\\/#primaryimage\"},\"image\":{\"@id\":\"https:\\\/\\\/www.tomundjezz.de\\\/extras\\\/#primaryimage\"},\"thumbnailUrl\":\"https:\\\/\\\/www.tomundjezz.de\\\/wp-content\\\/uploads\\\/2024\\\/10\\\/Extras-003.jpg\",\"datePublished\":\"2024-11-02T13:29:53+00:00\",\"dateModified\":\"2025-03-18T05:24:43+00:00\",\"description\":\"Handgefertigte Hochzeitsalben, hochwertige Fine-Art Prints und eine Fotobox f\u00fcr die perfekte Partystimmung. So wird eure Hochzeit unvergesslich!\",\"breadcrumb\":{\"@id\":\"https:\\\/\\\/www.tomundjezz.de\\\/extras\\\/#breadcrumb\"},\"inLanguage\":\"en-US\",\"potentialAction\":[{\"@type\":\"ReadAction\",\"target\":[\"https:\\\/\\\/www.tomundjezz.de\\\/extras\\\/\"]}]},{\"@type\":\"ImageObject\",\"inLanguage\":\"en-US\",\"@id\":\"https:\\\/\\\/www.tomundjezz.de\\\/extras\\\/#primaryimage\",\"url\":\"https:\\\/\\\/www.tomundjezz.de\\\/wp-content\\\/uploads\\\/2024\\\/10\\\/Extras-003.jpg\",\"contentUrl\":\"https:\\\/\\\/www.tomundjezz.de\\\/wp-content\\\/uploads\\\/2024\\\/10\\\/Extras-003.jpg\",\"width\":1707,\"height\":2560},{\"@type\":\"BreadcrumbList\",\"@id\":\"https:\\\/\\\/www.tomundjezz.de\\\/extras\\\/#breadcrumb\",\"itemListElement\":[{\"@type\":\"ListItem\",\"position\":1,\"name\":\"Home\",\"item\":\"https:\\\/\\\/www.tomundjezz.de\\\/\"},{\"@type\":\"ListItem\",\"position\":2,\"name\":\"Extras\"}]},{\"@type\":\"WebSite\",\"@id\":\"https:\\\/\\\/www.tomundjezz.de\\\/#website\",\"url\":\"https:\\\/\\\/www.tomundjezz.de\\\/\",\"name\":\"Tom | Jezz\",\"description\":\"\",\"publisher\":{\"@id\":\"https:\\\/\\\/www.tomundjezz.de\\\/#organization\"},\"potentialAction\":[{\"@type\":\"SearchAction\",\"target\":{\"@type\":\"EntryPoint\",\"urlTemplate\":\"https:\\\/\\\/www.tomundjezz.de\\\/?s={search_term_string}\"},\"query-input\":{\"@type\":\"PropertyValueSpecification\",\"valueRequired\":true,\"valueName\":\"search_term_string\"}}],\"inLanguage\":\"en-US\"},{\"@type\":\"Organization\",\"@id\":\"https:\\\/\\\/www.tomundjezz.de\\\/#organization\",\"name\":\"Tom | Jezz\",\"url\":\"https:\\\/\\\/www.tomundjezz.de\\\/\",\"logo\":{\"@type\":\"ImageObject\",\"inLanguage\":\"en-US\",\"@id\":\"https:\\\/\\\/www.tomundjezz.de\\\/#\\\/schema\\\/logo\\\/image\\\/\",\"url\":\"https:\\\/\\\/www.tomundjezz.de\\\/wp-content\\\/uploads\\\/2024\\\/11\\\/TomJezz-Logo-2024.svg\",\"contentUrl\":\"https:\\\/\\\/www.tomundjezz.de\\\/wp-content\\\/uploads\\\/2024\\\/11\\\/TomJezz-Logo-2024.svg\",\"width\":340,\"height\":130,\"caption\":\"Tom | Jezz\"},\"image\":{\"@id\":\"https:\\\/\\\/www.tomundjezz.de\\\/#\\\/schema\\\/logo\\\/image\\\/\"},\"sameAs\":[\"https:\\\/\\\/www.facebook.com\\\/tomundjezz\",\"https:\\\/\\\/www.instagram.com\\\/tomundjezz\"],\"vatID\":\"DE335073025\"}]}<\/script>\n<!-- \/ Yoast SEO Premium plugin. -->","yoast_head_json":{"title":"Extras f\u00fcr eure Hochzeit: Fotobox, Hochzeitsalben, Fine-Art Prints","description":"Handgefertigte Hochzeitsalben, hochwertige Fine-Art Prints und eine Fotobox f\u00fcr die perfekte Partystimmung. So wird eure Hochzeit unvergesslich!","robots":{"index":"index","follow":"follow","max-snippet":"max-snippet:-1","max-image-preview":"max-image-preview:large","max-video-preview":"max-video-preview:-1"},"canonical":"https:\/\/www.tomundjezz.de\/en\/extras\/","og_locale":"en_US","og_type":"article","og_title":"Extras","og_description":"Handgefertigte Hochzeitsalben, hochwertige Fine-Art Prints und eine Fotobox f\u00fcr die perfekte Partystimmung. So wird eure Hochzeit unvergesslich!","og_url":"https:\/\/www.tomundjezz.de\/en\/extras\/","og_site_name":"Tom | Jezz","article_publisher":"https:\/\/www.facebook.com\/tomundjezz","article_modified_time":"2025-03-18T05:24:43+00:00","og_image":[{"width":1707,"height":2560,"url":"https:\/\/www.tomundjezz.de\/wp-content\/uploads\/2024\/10\/Extras-003.jpg","type":"image\/jpeg"}],"twitter_card":"summary_large_image","twitter_misc":{"Est. reading time":"2 minutes"},"schema":{"@context":"https:\/\/schema.org","@graph":[{"@type":"WebPage","@id":"https:\/\/www.tomundjezz.de\/extras\/","url":"https:\/\/www.tomundjezz.de\/extras\/","name":"Extras f\u00fcr eure Hochzeit: Fotobox, Hochzeitsalben, Fine-Art Prints","isPartOf":{"@id":"https:\/\/www.tomundjezz.de\/#website"},"primaryImageOfPage":{"@id":"https:\/\/www.tomundjezz.de\/extras\/#primaryimage"},"image":{"@id":"https:\/\/www.tomundjezz.de\/extras\/#primaryimage"},"thumbnailUrl":"https:\/\/www.tomundjezz.de\/wp-content\/uploads\/2024\/10\/Extras-003.jpg","datePublished":"2024-11-02T13:29:53+00:00","dateModified":"2025-03-18T05:24:43+00:00","description":"Handgefertigte Hochzeitsalben, hochwertige Fine-Art Prints und eine Fotobox f\u00fcr die perfekte Partystimmung. So wird eure Hochzeit unvergesslich!","breadcrumb":{"@id":"https:\/\/www.tomundjezz.de\/extras\/#breadcrumb"},"inLanguage":"en-US","potentialAction":[{"@type":"ReadAction","target":["https:\/\/www.tomundjezz.de\/extras\/"]}]},{"@type":"ImageObject","inLanguage":"en-US","@id":"https:\/\/www.tomundjezz.de\/extras\/#primaryimage","url":"https:\/\/www.tomundjezz.de\/wp-content\/uploads\/2024\/10\/Extras-003.jpg","contentUrl":"https:\/\/www.tomundjezz.de\/wp-content\/uploads\/2024\/10\/Extras-003.jpg","width":1707,"height":2560},{"@type":"BreadcrumbList","@id":"https:\/\/www.tomundjezz.de\/extras\/#breadcrumb","itemListElement":[{"@type":"ListItem","position":1,"name":"Home","item":"https:\/\/www.tomundjezz.de\/"},{"@type":"ListItem","position":2,"name":"Extras"}]},{"@type":"WebSite","@id":"https:\/\/www.tomundjezz.de\/#website","url":"https:\/\/www.tomundjezz.de\/","name":"Tom | Jezz","description":"","publisher":{"@id":"https:\/\/www.tomundjezz.de\/#organization"},"potentialAction":[{"@type":"SearchAction","target":{"@type":"EntryPoint","urlTemplate":"https:\/\/www.tomundjezz.de\/?s={search_term_string}"},"query-input":{"@type":"PropertyValueSpecification","valueRequired":true,"valueName":"search_term_string"}}],"inLanguage":"en-US"},{"@type":"Organization","@id":"https:\/\/www.tomundjezz.de\/#organization","name":"Tom | Jezz","url":"https:\/\/www.tomundjezz.de\/","logo":{"@type":"ImageObject","inLanguage":"en-US","@id":"https:\/\/www.tomundjezz.de\/#\/schema\/logo\/image\/","url":"https:\/\/www.tomundjezz.de\/wp-content\/uploads\/2024\/11\/TomJezz-Logo-2024.svg","contentUrl":"https:\/\/www.tomundjezz.de\/wp-content\/uploads\/2024\/11\/TomJezz-Logo-2024.svg","width":340,"height":130,"caption":"Tom | Jezz"},"image":{"@id":"https:\/\/www.tomundjezz.de\/#\/schema\/logo\/image\/"},"sameAs":["https:\/\/www.facebook.com\/tomundjezz","https:\/\/www.instagram.com\/tomundjezz"],"vatID":"DE335073025"}]}},"_links":{"self":[{"href":"https:\/\/www.tomundjezz.de\/en\/wp-json\/wp\/v2\/pages\/10455","targetHints":{"allow":["GET"]}}],"collection":[{"href":"https:\/\/www.tomundjezz.de\/en\/wp-json\/wp\/v2\/pages"}],"about":[{"href":"https:\/\/www.tomundjezz.de\/en\/wp-json\/wp\/v2\/types\/page"}],"author":[{"embeddable":true,"href":"https:\/\/www.tomundjezz.de\/en\/wp-json\/wp\/v2\/users\/1"}],"replies":[{"embeddable":true,"href":"https:\/\/www.tomundjezz.de\/en\/wp-json\/wp\/v2\/comments?post=10455"}],"version-history":[{"count":0,"href":"https:\/\/www.tomundjezz.de\/en\/wp-json\/wp\/v2\/pages\/10455\/revisions"}],"wp:featuredmedia":[{"embeddable":true,"href":"https:\/\/www.tomundjezz.de\/en\/wp-json\/wp\/v2\/media\/10019"}],"wp:attachment":[{"href":"https:\/\/www.tomundjezz.de\/en\/wp-json\/wp\/v2\/media?parent=10455"}],"curies":[{"name":"wp","href":"https:\/\/api.w.org\/{rel}","templated":true}]}}