{"id":12105,"date":"2024-11-04T12:56:21","date_gmt":"2024-11-04T11:56:21","guid":{"rendered":"http:\/\/www.tomundjezz.de\/?page_id=12105"},"modified":"2025-03-18T10:28:10","modified_gmt":"2025-03-18T09:28:10","slug":"impressum","status":"publish","type":"page","link":"https:\/\/www.tomundjezz.de\/en\/impressum\/","title":{"rendered":"Imprint"},"content":{"rendered":"<div data-elementor-type=\"wp-page\" data-elementor-id=\"12105\" class=\"elementor elementor-12105\" data-elementor-post-type=\"page\">\n\t\t\t\t<div class=\"elementor-element elementor-element-180f34d3 e-grid e-con-boxed e-con e-parent\" data-id=\"180f34d3\" data-element_type=\"container\" data-e-type=\"container\" id=\"section-strong\">\n\t\t\t\t\t<div class=\"e-con-inner\">\n\t\t<div class=\"elementor-element elementor-element-c60cdb1 e-con-full e-flex e-con e-child\" data-id=\"c60cdb1\" data-element_type=\"container\" data-e-type=\"container\">\n\t\t\t\t<div class=\"elementor-element elementor-element-284a618 elementor-widget elementor-widget-heading\" data-id=\"284a618\" data-element_type=\"widget\" data-e-type=\"widget\" data-widget_type=\"heading.default\">\n\t\t\t\t\t<h2 class=\"elementor-heading-title elementor-size-default\">IMPRINT<\/h2>\t\t\t\t<\/div>\n\t\t\t\t<div class=\"elementor-element elementor-element-5b8b72b content-line elementor-widget-divider--view-line elementor-widget elementor-widget-divider\" data-id=\"5b8b72b\" data-element_type=\"widget\" data-e-type=\"widget\" data-widget_type=\"divider.default\">\n\t\t\t\t\t\t\t<div class=\"elementor-divider\">\n\t\t\t<span class=\"elementor-divider-separator\">\n\t\t\t\t\t\t<\/span>\n\t\t<\/div>\n\t\t\t\t\t\t<\/div>\n\t\t\t\t<div class=\"elementor-element elementor-element-834db97 section-strong elementor-widget elementor-widget-text-editor\" data-id=\"834db97\" data-element_type=\"widget\" data-e-type=\"widget\" data-widget_type=\"text-editor.default\">\n\t\t\t\t\t\t\t\t\t<div class=\"elementor-widget-container\"><p>All information on our website has been carefully checked. We endeavor to constantly expand and update this information. However, we cannot guarantee that it is complete, correct and up to date.<br \/>Information according to \u00a7 5 TMG:<\/p><p><strong>Office<\/strong><\/p><p data-pm-slice=\"1 1 []\">Watzmannstrasse 2<br \/>81541 Munich<\/p><p><strong>Company headquarters<\/strong><\/p><p>Stock &amp; Lehmann GbR<br \/>N\u00fcrnberger Str. 21<br \/>87616 Marktoberdorf<\/p><p><strong>Sales tax identification number according to \u00a7 27 a sales tax law<\/strong><\/p><p>DE335073025<\/p><p><strong>Contact us<\/strong><\/p><p>Phone: 0172\/ 151 98 61<br \/>Phone: 0172 \/ 151 98 61\nE-mail: info@tomundjezz.de<\/p><p><strong>Responsible for the content<\/strong><\/p><p>Thomas Lehmann<\/p><p><strong>Dispute resolution<\/strong>\u00a0<\/p><p>Customers have the option of using alternative dispute resolution. The following link from the EU Commission (also known as the ODR platform) contains information on online dispute resolution and serves as a central point of contact for the out-of-court settlement of disputes arising from online sales contracts: ec.europa.eu\/consumers\/odr.<\/p><p><strong>Liability for content<\/strong><\/p><p>The contents of our pages have been created with the greatest care. However, we cannot assume any liability for the accuracy, completeness and topicality of the content. As a service provider, we are responsible for our own content on these pages in accordance with \u00a7 7 para. 1 TMG (German Telemedia Act) and general laws. According to \u00a7\u00a7 8 to 10 TMG, however, we as a service provider are not obliged to monitor transmitted or stored third-party information or to investigate circumstances that indicate illegal activity. Obligations to remove or block the use of information in accordance with general legislation remain unaffected by this. However, liability in this respect is only possible from the time of knowledge of a specific infringement. As soon as we become aware of such infringements, we will remove this content immediately.<\/p><p><strong>Liability for links<\/strong><\/p><p>Our website contains links to external third-party websites over whose content we have no influence. Therefore, we cannot accept any liability for this third-party content. The respective provider or operator of the pages is always responsible for the content of the linked pages. The linked pages were checked for possible legal violations at the time of linking. Illegal content was not recognizable at the time of linking. However, permanent monitoring of the content of the linked pages is not reasonable without concrete evidence of an infringement. If we become aware of any legal infringements, we will remove such links immediately.<\/p><p><strong>Copyright<\/strong><\/p><p style=\"margin: 0px;\">The content and works created by the site operators on these pages are subject to German copyright law. Duplication, processing, distribution and any form of commercialization of such material beyond the scope of the copyright law shall require the prior written consent of its respective author or creator. Downloads and copies of this site are only permitted for private, non-commercial use. Insofar as the content on this site was not created by the operator, the copyrights of third parties are respected. In particular, third-party content is identified as such. Should you nevertheless become aware of a copyright infringement, please inform us accordingly. If we become aware of any infringements, we will remove such content immediately.<\/p><\/div>\t\t\t\t\t\t\t\t<\/div>\n\t\t\t\t<\/div>\n\t\t\t\t\t<\/div>\n\t\t\t\t<\/div>\n\t\t\t\t<\/div>","protected":false},"excerpt":{"rendered":"<p>IMPRESSUM Alle Angaben unseres Internet-Angebotes wurden sorgf\u00e4ltig gepr\u00fcft.\u00a0Wir bem\u00fchen uns, dieses Informationsangebot stetig zu erweitern und zu aktualisieren. Eine Garantie f\u00fcr die Vollst\u00e4ndigkeit, Richtigkeit und letzte Aktualit\u00e4t kann jedoch nicht \u00fcbernommen werden.Angaben gem\u00e4\u00df \u00a7 5 TMG: B\u00fcro Watzmannstra\u00dfe 281541 M\u00fcnchen Firmensitz Stock &amp; Lehmann GbRN\u00fcrnberger Str. 2187616 Marktoberdorf Umsatzsteuer-Identifikationsnummer gem\u00e4\u00df \u00a7 27 a Umsatzsteuergesetz DE335073025 [&hellip;]<\/p>\n","protected":false},"author":1,"featured_media":0,"parent":0,"menu_order":0,"comment_status":"closed","ping_status":"closed","template":"","meta":{"footnotes":""},"class_list":["post-12105","page","type-page","status-publish","hentry"],"yoast_head":"<!-- This site is optimized with the Yoast SEO Premium plugin v27.3 (Yoast SEO v27.3) - https:\/\/yoast.com\/product\/yoast-seo-premium-wordpress\/ -->\n<title>Impressum<\/title>\n<meta name=\"description\" content=\"Tom &amp; Jezz - ikonische Hochzeitsfotografie, die den Moment in seiner Essenz perfekt einf\u00e4ngt\" \/>\n<meta name=\"robots\" content=\"index, follow, max-snippet:-1, max-image-preview:large, max-video-preview:-1\" \/>\n<link rel=\"canonical\" href=\"https:\/\/www.tomundjezz.de\/en\/impressum\/\" \/>\n<meta property=\"og:locale\" content=\"en_US\" \/>\n<meta property=\"og:type\" content=\"article\" \/>\n<meta property=\"og:title\" content=\"Impressum\" \/>\n<meta property=\"og:description\" content=\"Tom &amp; Jezz - ikonische Hochzeitsfotografie, die den Moment in seiner Essenz perfekt einf\u00e4ngt\" \/>\n<meta property=\"og:url\" content=\"https:\/\/www.tomundjezz.de\/en\/impressum\/\" \/>\n<meta property=\"og:site_name\" content=\"Tom | Jezz\" \/>\n<meta property=\"article:publisher\" content=\"https:\/\/www.facebook.com\/tomundjezz\" \/>\n<meta property=\"article:modified_time\" content=\"2025-03-18T09:28:10+00:00\" \/>\n<meta name=\"twitter:card\" content=\"summary_large_image\" \/>\n<meta name=\"twitter:label1\" content=\"Est. reading time\" \/>\n\t<meta name=\"twitter:data1\" content=\"5 minutes\" \/>\n<script type=\"application\/ld+json\" class=\"yoast-schema-graph\">{\"@context\":\"https:\\\/\\\/schema.org\",\"@graph\":[{\"@type\":\"WebPage\",\"@id\":\"https:\\\/\\\/www.tomundjezz.de\\\/impressum\\\/\",\"url\":\"https:\\\/\\\/www.tomundjezz.de\\\/impressum\\\/\",\"name\":\"Impressum\",\"isPartOf\":{\"@id\":\"https:\\\/\\\/www.tomundjezz.de\\\/#website\"},\"datePublished\":\"2024-11-04T11:56:21+00:00\",\"dateModified\":\"2025-03-18T09:28:10+00:00\",\"description\":\"Tom & Jezz - ikonische Hochzeitsfotografie, die den Moment in seiner Essenz perfekt einf\u00e4ngt\",\"breadcrumb\":{\"@id\":\"https:\\\/\\\/www.tomundjezz.de\\\/impressum\\\/#breadcrumb\"},\"inLanguage\":\"en-US\",\"potentialAction\":[{\"@type\":\"ReadAction\",\"target\":[\"https:\\\/\\\/www.tomundjezz.de\\\/impressum\\\/\"]}]},{\"@type\":\"BreadcrumbList\",\"@id\":\"https:\\\/\\\/www.tomundjezz.de\\\/impressum\\\/#breadcrumb\",\"itemListElement\":[{\"@type\":\"ListItem\",\"position\":1,\"name\":\"Home\",\"item\":\"https:\\\/\\\/www.tomundjezz.de\\\/\"},{\"@type\":\"ListItem\",\"position\":2,\"name\":\"Impressum\"}]},{\"@type\":\"WebSite\",\"@id\":\"https:\\\/\\\/www.tomundjezz.de\\\/#website\",\"url\":\"https:\\\/\\\/www.tomundjezz.de\\\/\",\"name\":\"Tom | Jezz\",\"description\":\"\",\"publisher\":{\"@id\":\"https:\\\/\\\/www.tomundjezz.de\\\/#organization\"},\"potentialAction\":[{\"@type\":\"SearchAction\",\"target\":{\"@type\":\"EntryPoint\",\"urlTemplate\":\"https:\\\/\\\/www.tomundjezz.de\\\/?s={search_term_string}\"},\"query-input\":{\"@type\":\"PropertyValueSpecification\",\"valueRequired\":true,\"valueName\":\"search_term_string\"}}],\"inLanguage\":\"en-US\"},{\"@type\":\"Organization\",\"@id\":\"https:\\\/\\\/www.tomundjezz.de\\\/#organization\",\"name\":\"Tom | Jezz\",\"url\":\"https:\\\/\\\/www.tomundjezz.de\\\/\",\"logo\":{\"@type\":\"ImageObject\",\"inLanguage\":\"en-US\",\"@id\":\"https:\\\/\\\/www.tomundjezz.de\\\/#\\\/schema\\\/logo\\\/image\\\/\",\"url\":\"https:\\\/\\\/www.tomundjezz.de\\\/wp-content\\\/uploads\\\/2024\\\/11\\\/TomJezz-Logo-2024.svg\",\"contentUrl\":\"https:\\\/\\\/www.tomundjezz.de\\\/wp-content\\\/uploads\\\/2024\\\/11\\\/TomJezz-Logo-2024.svg\",\"width\":340,\"height\":130,\"caption\":\"Tom | Jezz\"},\"image\":{\"@id\":\"https:\\\/\\\/www.tomundjezz.de\\\/#\\\/schema\\\/logo\\\/image\\\/\"},\"sameAs\":[\"https:\\\/\\\/www.facebook.com\\\/tomundjezz\",\"https:\\\/\\\/www.instagram.com\\\/tomundjezz\"],\"vatID\":\"DE335073025\"}]}<\/script>\n<!-- \/ Yoast SEO Premium plugin. -->","yoast_head_json":{"title":"Imprint","description":"Tom & Jezz - ikonische Hochzeitsfotografie, die den Moment in seiner Essenz perfekt einf\u00e4ngt","robots":{"index":"index","follow":"follow","max-snippet":"max-snippet:-1","max-image-preview":"max-image-preview:large","max-video-preview":"max-video-preview:-1"},"canonical":"https:\/\/www.tomundjezz.de\/en\/impressum\/","og_locale":"en_US","og_type":"article","og_title":"Impressum","og_description":"Tom & Jezz - ikonische Hochzeitsfotografie, die den Moment in seiner Essenz perfekt einf\u00e4ngt","og_url":"https:\/\/www.tomundjezz.de\/en\/impressum\/","og_site_name":"Tom | Jezz","article_publisher":"https:\/\/www.facebook.com\/tomundjezz","article_modified_time":"2025-03-18T09:28:10+00:00","twitter_card":"summary_large_image","twitter_misc":{"Est. reading time":"5 minutes"},"schema":{"@context":"https:\/\/schema.org","@graph":[{"@type":"WebPage","@id":"https:\/\/www.tomundjezz.de\/impressum\/","url":"https:\/\/www.tomundjezz.de\/impressum\/","name":"Imprint","isPartOf":{"@id":"https:\/\/www.tomundjezz.de\/#website"},"datePublished":"2024-11-04T11:56:21+00:00","dateModified":"2025-03-18T09:28:10+00:00","description":"Tom & Jezz - ikonische Hochzeitsfotografie, die den Moment in seiner Essenz perfekt einf\u00e4ngt","breadcrumb":{"@id":"https:\/\/www.tomundjezz.de\/impressum\/#breadcrumb"},"inLanguage":"en-US","potentialAction":[{"@type":"ReadAction","target":["https:\/\/www.tomundjezz.de\/impressum\/"]}]},{"@type":"BreadcrumbList","@id":"https:\/\/www.tomundjezz.de\/impressum\/#breadcrumb","itemListElement":[{"@type":"ListItem","position":1,"name":"Home","item":"https:\/\/www.tomundjezz.de\/"},{"@type":"ListItem","position":2,"name":"Impressum"}]},{"@type":"WebSite","@id":"https:\/\/www.tomundjezz.de\/#website","url":"https:\/\/www.tomundjezz.de\/","name":"Tom | Jezz","description":"","publisher":{"@id":"https:\/\/www.tomundjezz.de\/#organization"},"potentialAction":[{"@type":"SearchAction","target":{"@type":"EntryPoint","urlTemplate":"https:\/\/www.tomundjezz.de\/?s={search_term_string}"},"query-input":{"@type":"PropertyValueSpecification","valueRequired":true,"valueName":"search_term_string"}}],"inLanguage":"en-US"},{"@type":"Organization","@id":"https:\/\/www.tomundjezz.de\/#organization","name":"Tom | Jezz","url":"https:\/\/www.tomundjezz.de\/","logo":{"@type":"ImageObject","inLanguage":"en-US","@id":"https:\/\/www.tomundjezz.de\/#\/schema\/logo\/image\/","url":"https:\/\/www.tomundjezz.de\/wp-content\/uploads\/2024\/11\/TomJezz-Logo-2024.svg","contentUrl":"https:\/\/www.tomundjezz.de\/wp-content\/uploads\/2024\/11\/TomJezz-Logo-2024.svg","width":340,"height":130,"caption":"Tom | Jezz"},"image":{"@id":"https:\/\/www.tomundjezz.de\/#\/schema\/logo\/image\/"},"sameAs":["https:\/\/www.facebook.com\/tomundjezz","https:\/\/www.instagram.com\/tomundjezz"],"vatID":"DE335073025"}]}},"_links":{"self":[{"href":"https:\/\/www.tomundjezz.de\/en\/wp-json\/wp\/v2\/pages\/12105","targetHints":{"allow":["GET"]}}],"collection":[{"href":"https:\/\/www.tomundjezz.de\/en\/wp-json\/wp\/v2\/pages"}],"about":[{"href":"https:\/\/www.tomundjezz.de\/en\/wp-json\/wp\/v2\/types\/page"}],"author":[{"embeddable":true,"href":"https:\/\/www.tomundjezz.de\/en\/wp-json\/wp\/v2\/users\/1"}],"replies":[{"embeddable":true,"href":"https:\/\/www.tomundjezz.de\/en\/wp-json\/wp\/v2\/comments?post=12105"}],"version-history":[{"count":0,"href":"https:\/\/www.tomundjezz.de\/en\/wp-json\/wp\/v2\/pages\/12105\/revisions"}],"wp:attachment":[{"href":"https:\/\/www.tomundjezz.de\/en\/wp-json\/wp\/v2\/media?parent=12105"}],"curies":[{"name":"wp","href":"https:\/\/api.w.org\/{rel}","templated":true}]}}